{"id":30,"date":"2020-03-18T11:35:32","date_gmt":"2020-03-18T10:35:32","guid":{"rendered":"https:\/\/www.praxis-fankhauser.at\/?page_id=30"},"modified":"2023-07-23T17:14:10","modified_gmt":"2023-07-23T16:14:10","slug":"startseite","status":"publish","type":"page","link":"https:\/\/www.praxis-fankhauser.at\/","title":{"rendered":""},"content":{"rendered":"\n<h2>Wichtige Informationen zur aktuellen Praxisorganisation:<\/h2>\n\n\n\n<h5>Aus R\u00fccksicht auf andere Patienten besteht f\u00fcr Personen mit Symptomen eines ansteckenden Infektes (<strong><em>wie Husten, Schnupfen, Halsschmerzen, Fieber, Kopf- oder Gliederschmerzen<\/em><\/strong>) in unserer Ordination WEITERHIN eine FFP-2-MASKEN-TRAGEPFLICHT!  Dies gilt auch f\u00fcr Kinder!<\/h5>\n\n\n\n<h5>TERMIN-ORDINATION<\/h5>\n\n\n\n<ul>\n<li> Wir bitten <strong>generell<\/strong> um <strong>Terminvereinbarung<\/strong> &#8211; auch bei akuten F\u00e4llen. Bitte haben Sie daf\u00fcr Verst\u00e4ndnis, dass wir je Termin nur 1 Problem bearbeiten. Nur so k\u00f6nnen wir unseren Zeitplan einhalten und l\u00e4ngere Wartezeiten vermeiden.<\/li>\n<\/ul>\n\n\n\n<h5>REZEPTE F\u00dcR IHRE DAUERMEDIKATION<\/h5>\n\n\n\n<ul>\n<li><strong>s<\/strong>ollten m\u00f6glichst <strong>telefonisch<\/strong> oder unter Angabe von Name und Soz.Vers.-Nummer <strong>per Mail<\/strong> an <a href=\"mailto:info@praxis-fankhauser.at\">info@praxis-fankhauser.at<\/a> vorbestellt werden. Sie erhalten eine kurze Best\u00e4tigungs-Mail, sobald das Rezept erstellt worden ist.<\/li>\n\n\n\n<li><strong>ACHTUNG<\/strong>: Aufgrund einer gesetzlichen \u00c4nderung ist es wieder notwendig, <strong>regelm\u00e4\u00dfig die e-Card in der Ordination<\/strong> zu <strong>stecken<\/strong>. e-REZEPTE k\u00f6nnen NUR nach Stecken der e-Card f\u00fcr eine <strong>Dauer von jeweils 90 Tagen<\/strong> erstellt werden. Wir bitte Sie dies bei ihren Dauermedikations-Bestellungen zu ber\u00fccksichtigen.<\/li>\n<\/ul>\n\n\n\n<p><\/p>\n","protected":false},"excerpt":{"rendered":"<p>Wichtige Informationen zur aktuellen Praxisorganisation: Aus R\u00fccksicht auf andere Patienten besteht f\u00fcr Personen mit Symptomen eines ansteckenden Infektes (wie Husten, Schnupfen, Halsschmerzen, Fieber, Kopf- oder Gliederschmerzen) in unserer Ordination WEITERHIN eine FFP-2-MASKEN-TRAGEPFLICHT! Dies gilt auch f\u00fcr Kinder! TERMIN-ORDINATION REZEPTE F\u00dcR IHRE DAUERMEDIKATION<\/p>\n","protected":false},"author":1,"featured_media":0,"parent":0,"menu_order":0,"comment_status":"closed","ping_status":"closed","template":"","meta":[],"_links":{"self":[{"href":"https:\/\/www.praxis-fankhauser.at\/index.php?rest_route=\/wp\/v2\/pages\/30"}],"collection":[{"href":"https:\/\/www.praxis-fankhauser.at\/index.php?rest_route=\/wp\/v2\/pages"}],"about":[{"href":"https:\/\/www.praxis-fankhauser.at\/index.php?rest_route=\/wp\/v2\/types\/page"}],"author":[{"embeddable":true,"href":"https:\/\/www.praxis-fankhauser.at\/index.php?rest_route=\/wp\/v2\/users\/1"}],"replies":[{"embeddable":true,"href":"https:\/\/www.praxis-fankhauser.at\/index.php?rest_route=%2Fwp%2Fv2%2Fcomments&post=30"}],"version-history":[{"count":20,"href":"https:\/\/www.praxis-fankhauser.at\/index.php?rest_route=\/wp\/v2\/pages\/30\/revisions"}],"predecessor-version":[{"id":95,"href":"https:\/\/www.praxis-fankhauser.at\/index.php?rest_route=\/wp\/v2\/pages\/30\/revisions\/95"}],"wp:attachment":[{"href":"https:\/\/www.praxis-fankhauser.at\/index.php?rest_route=%2Fwp%2Fv2%2Fmedia&parent=30"}],"curies":[{"name":"wp","href":"https:\/\/api.w.org\/{rel}","templated":true}]}}